{"id":13,"date":"2021-10-22T13:16:11","date_gmt":"2021-10-22T16:16:11","guid":{"rendered":"https:\/\/danielsoaresdesign.com.br\/dr-caio\/?page_id=13"},"modified":"2026-03-16T08:54:40","modified_gmt":"2026-03-16T11:54:40","slug":"home","status":"publish","type":"page","link":"https:\/\/drcaiotoledo.com.br\/","title":{"rendered":"Home"},"content":{"rendered":"\t\t<div data-elementor-type=\"wp-page\" data-elementor-id=\"13\" class=\"elementor elementor-13\" data-elementor-post-type=\"page\">\n\t\t\t\t\t\t<section class=\"elementor-section elementor-top-section elementor-element elementor-element-2757b9fc elementor-section-full_width elementor-hidden-desktop elementor-hidden-tablet elementor-hidden-mobile elementor-section-height-default elementor-section-height-default\" data-id=\"2757b9fc\" data-element_type=\"section\" data-e-type=\"section\">\n\t\t\t\t\t\t<div class=\"elementor-container elementor-column-gap-no\">\n\t\t\t\t\t<div class=\"elementor-column elementor-col-100 elementor-top-column elementor-element elementor-element-28ad082f\" data-id=\"28ad082f\" data-element_type=\"column\" data-e-type=\"column\">\n\t\t\t<div class=\"elementor-widget-wrap elementor-element-populated\">\n\t\t\t\t\t\t<div class=\"elementor-element elementor-element-13bb028 elementor--h-position-center elementor--v-position-middle elementor-arrows-position-inside elementor-widget elementor-widget-slides\" data-id=\"13bb028\" data-element_type=\"widget\" data-e-type=\"widget\" data-settings=\"{&quot;navigation&quot;:&quot;arrows&quot;,&quot;autoplay&quot;:&quot;yes&quot;,&quot;pause_on_hover&quot;:&quot;yes&quot;,&quot;pause_on_interaction&quot;:&quot;yes&quot;,&quot;autoplay_speed&quot;:5000,&quot;infinite&quot;:&quot;yes&quot;,&quot;transition&quot;:&quot;slide&quot;,&quot;transition_speed&quot;:500}\" data-widget_type=\"slides.default\">\n\t\t\t\t<div class=\"elementor-widget-container\">\n\t\t\t\t\t\t\t\t\t<div class=\"elementor-swiper\">\n\t\t\t\t\t<div class=\"elementor-slides-wrapper elementor-main-swiper swiper\" role=\"region\" aria-roledescription=\"carousel\" aria-label=\"Slides\" dir=\"ltr\" data-animation=\"fadeInUp\">\n\t\t\t\t<div class=\"swiper-wrapper elementor-slides\">\n\t\t\t\t\t\t\t\t\t\t<div class=\"elementor-repeater-item-ece97c6 swiper-slide\" role=\"group\" aria-roledescription=\"slide\"><div class=\"swiper-slide-bg\" role=\"img\" aria-label=\"bg_hero_dr_caio\"><\/div><div class=\"elementor-background-overlay\"><\/div><div class=\"swiper-slide-inner\" ><div class=\"swiper-slide-contents\"><div class=\"elementor-slide-heading\">Ortopedista Especialista em P\u00e9 <br>e Tornozelo Ortopedia Pedi\u00e1trica<\/div><a href=\"#especialidades\" class=\"elementor-button elementor-slide-button elementor-size-md\">SAIBA MAIS<\/a><\/div><\/div><\/div>\t\t\t\t<\/div>\n\t\t\t\t\t\t\t<\/div>\n\t\t\t\t<\/div>\n\t\t\t\t\t\t\t\t<\/div>\n\t\t\t\t<\/div>\n\t\t\t\t<div class=\"elementor-element elementor-element-3907596 elementor-absolute elementor-widget elementor-widget-menu-anchor\" data-id=\"3907596\" data-element_type=\"widget\" data-e-type=\"widget\" data-settings=\"{&quot;_position&quot;:&quot;absolute&quot;}\" data-widget_type=\"menu-anchor.default\">\n\t\t\t\t<div class=\"elementor-widget-container\">\n\t\t\t\t\t\t\t<div class=\"elementor-menu-anchor\" id=\"dr-caio-toledo\"><\/div>\n\t\t\t\t\t\t<\/div>\n\t\t\t\t<\/div>\n\t\t\t\t\t<\/div>\n\t\t<\/div>\n\t\t\t\t\t<\/div>\n\t\t<\/section>\n\t\t\t\t<section class=\"elementor-section elementor-top-section elementor-element elementor-element-ca08cbb elementor-section-height-min-height elementor-section-items-stretch elementor-section-boxed elementor-section-height-default\" data-id=\"ca08cbb\" data-element_type=\"section\" data-e-type=\"section\" id=\"inicio\" data-settings=\"{&quot;background_background&quot;:&quot;classic&quot;}\">\n\t\t\t\t\t\t\t<div class=\"elementor-background-overlay\"><\/div>\n\t\t\t\t\t\t\t<div class=\"elementor-container elementor-column-gap-no\">\n\t\t\t\t\t<div class=\"elementor-column elementor-col-50 elementor-top-column elementor-element elementor-element-e69830b\" data-id=\"e69830b\" data-element_type=\"column\" data-e-type=\"column\">\n\t\t\t<div class=\"elementor-widget-wrap\">\n\t\t\t\t\t\t\t<\/div>\n\t\t<\/div>\n\t\t\t\t<div class=\"elementor-column elementor-col-50 elementor-top-column elementor-element elementor-element-dd9804a\" data-id=\"dd9804a\" data-element_type=\"column\" data-e-type=\"column\">\n\t\t\t<div class=\"elementor-widget-wrap elementor-element-populated\">\n\t\t\t\t\t\t<div class=\"elementor-element elementor-element-762f959 elementor-widget elementor-widget-heading\" data-id=\"762f959\" data-element_type=\"widget\" data-e-type=\"widget\" data-widget_type=\"heading.default\">\n\t\t\t\t<div class=\"elementor-widget-container\">\n\t\t\t\t\t<h1 class=\"elementor-heading-title elementor-size-default\">Ortopedista Especialista em P\u00e9 <br>e Tornozelo \/ Ortopedia Pedi\u00e1trica<\/h1>\t\t\t\t<\/div>\n\t\t\t\t<\/div>\n\t\t\t\t\t<\/div>\n\t\t<\/div>\n\t\t\t\t\t<\/div>\n\t\t<\/section>\n\t\t\t\t<section class=\"elementor-section elementor-top-section elementor-element elementor-element-31c46b1 elementor-section-full_width elementor-section-height-default elementor-section-height-default\" data-id=\"31c46b1\" data-element_type=\"section\" data-e-type=\"section\" id=\"dr-caio\">\n\t\t\t\t\t\t<div class=\"elementor-container elementor-column-gap-no\">\n\t\t\t\t\t<div class=\"elementor-column elementor-col-50 elementor-top-column elementor-element elementor-element-8d0efa2\" data-id=\"8d0efa2\" data-element_type=\"column\" data-e-type=\"column\">\n\t\t\t<div class=\"elementor-widget-wrap elementor-element-populated\">\n\t\t\t\t\t\t<div class=\"elementor-element elementor-element-e8a5d86 elementor-widget elementor-widget-heading\" data-id=\"e8a5d86\" data-element_type=\"widget\" data-e-type=\"widget\" data-widget_type=\"heading.default\">\n\t\t\t\t<div class=\"elementor-widget-container\">\n\t\t\t\t\t<h1 class=\"elementor-heading-title elementor-size-default\">Dr. Caio Lu\u00edz de <br>Toledo Oliveira<\/h1>\t\t\t\t<\/div>\n\t\t\t\t<\/div>\n\t\t\t\t<div class=\"elementor-element elementor-element-a1a95ce elementor-widget elementor-widget-heading\" data-id=\"a1a95ce\" data-element_type=\"widget\" data-e-type=\"widget\" data-widget_type=\"heading.default\">\n\t\t\t\t<div class=\"elementor-widget-container\">\n\t\t\t\t\t<h3 class=\"elementor-heading-title elementor-size-default\">CRM-SP 169.068 \/ <br>TEOT 16.511 \/ RQE 79.594<\/h3>\t\t\t\t<\/div>\n\t\t\t\t<\/div>\n\t\t\t\t<div class=\"elementor-element elementor-element-83ac215 elementor-widget elementor-widget-text-editor\" data-id=\"83ac215\" data-element_type=\"widget\" data-e-type=\"widget\" data-widget_type=\"text-editor.default\">\n\t\t\t\t<div class=\"elementor-widget-container\">\n\t\t\t\t\t\t\t\t\tM\u00e9dico Formado em 2014 pela Faculdade de Medicina de Ribeir\u00e3o Preto da Universidade de S\u00e3o Paulo, exerceu, durante a gradua\u00e7\u00e3o, diversas atividades em \u00e2mbito acad\u00eamico e extra-universit\u00e1rio. Destaca-se, dentre eles, o est\u00e1gio em Trauma Ortop\u00e9dico sob coordena\u00e7\u00e3o do Professor Christian Krettek realizado na Medizinische Hochschule Hannover em 2014. Trabalhou como oficial m\u00e9dico tempor\u00e1rio da Aeron\u00e1utica do Brasil na Academia da For\u00e7a A\u00e9rea. Concluiu em fevereiro de 2019 especializa\u00e7\u00e3o em Ortopedia e Traumatologia no Hospital das Cl\u00ednicas de Ribeir\u00e3o Preto da Universidade de S\u00e3o Paulo, sendo aprovado no exame de T\u00edtulo de Especialista em Ortopedia e Traumatologia do mesmo ano. Cursou tamb\u00e9m est\u00e1gio em Especializa\u00e7\u00e3o Especializada em Ortopedia Pedi\u00e1trica e Afec\u00e7\u00f5es no P\u00e9  no Hospital das Cl\u00ednicas de Ribeir\u00e3o Preto da Universidade de S\u00e3o Paulo, sob orienta\u00e7\u00e3o do Professor Titular da USP Jos\u00e9 Batista Volpon. Sob orienta\u00e7\u00e3o do Prof. Dr. Davi Haje, realizou treinamento e licenciamento no M\u00e9todo Haje para tratamento de deformidades anteriores do t\u00f3rax. Em julho de 2021 foi nomeado Mestre em medicina pela Faculdade de Medicina de Ribeir\u00e3o Preto da Universidade de S\u00e3o Paulo na \u00e1rea de Ortopedia com foco no estudo do P\u00e9 Torto Cong\u00eanito pelo m\u00e9todo de Ponseti. Em novembro de 2021, concluiu o curso de Cirurgia Minimamente Invasiva do P\u00e9 e Tornozelo com treinamento em cad\u00e1ver, realizado o Instituto de Treinamento em Cadaver &#8211; ITC; Belo Horizonte. Membro da Sociedade Brasileira de Ortopedia Pedi\u00e1trica em 2022. Em 2023 atuou como m\u00e9dico do time profissiona femino do Santos Futebol Clube. Atualmente \u00e9 docente do curso de Medicina da Universidade de Ribeir\u00e3o Preto campus Guaruj\u00e1. Concluiu em 2025 curso de P\u00f3s-Gradua\u00e7\u00e3o em Medicina do Esporte e Exerc\u00edcio pelo Instituto Vita em conjunto com a Unicid.\t\t\t\t\t\t\t\t<\/div>\n\t\t\t\t<\/div>\n\t\t\t\t\t<\/div>\n\t\t<\/div>\n\t\t\t\t<div class=\"elementor-column elementor-col-50 elementor-top-column elementor-element elementor-element-a984362\" data-id=\"a984362\" data-element_type=\"column\" data-e-type=\"column\" data-settings=\"{&quot;background_background&quot;:&quot;classic&quot;}\">\n\t\t\t<div class=\"elementor-widget-wrap elementor-element-populated\">\n\t\t\t\t\t\t<div class=\"elementor-element elementor-element-c158cfa elementor-hidden-desktop elementor-widget elementor-widget-spacer\" data-id=\"c158cfa\" data-element_type=\"widget\" data-e-type=\"widget\" data-widget_type=\"spacer.default\">\n\t\t\t\t<div class=\"elementor-widget-container\">\n\t\t\t\t\t\t\t<div class=\"elementor-spacer\">\n\t\t\t<div class=\"elementor-spacer-inner\"><\/div>\n\t\t<\/div>\n\t\t\t\t\t\t<\/div>\n\t\t\t\t<\/div>\n\t\t\t\t\t<\/div>\n\t\t<\/div>\n\t\t\t\t\t<\/div>\n\t\t<\/section>\n\t\t\t\t<section class=\"elementor-section elementor-top-section elementor-element elementor-element-f6d4724 elementor-section-full_width elementor-reverse-mobile elementor-reverse-tablet elementor-section-height-default elementor-section-height-default\" data-id=\"f6d4724\" data-element_type=\"section\" data-e-type=\"section\">\n\t\t\t\t\t\t<div class=\"elementor-container elementor-column-gap-no\">\n\t\t\t\t\t<div class=\"elementor-column elementor-col-50 elementor-top-column elementor-element elementor-element-57e2401\" data-id=\"57e2401\" data-element_type=\"column\" data-e-type=\"column\" data-settings=\"{&quot;background_background&quot;:&quot;classic&quot;}\">\n\t\t\t<div class=\"elementor-widget-wrap elementor-element-populated\">\n\t\t\t\t\t\t<div class=\"elementor-element elementor-element-d67ae33 elementor-hidden-desktop elementor-widget elementor-widget-spacer\" data-id=\"d67ae33\" data-element_type=\"widget\" data-e-type=\"widget\" data-widget_type=\"spacer.default\">\n\t\t\t\t<div class=\"elementor-widget-container\">\n\t\t\t\t\t\t\t<div class=\"elementor-spacer\">\n\t\t\t<div class=\"elementor-spacer-inner\"><\/div>\n\t\t<\/div>\n\t\t\t\t\t\t<\/div>\n\t\t\t\t<\/div>\n\t\t\t\t\t<\/div>\n\t\t<\/div>\n\t\t\t\t<div class=\"elementor-column elementor-col-50 elementor-top-column elementor-element elementor-element-a19f8f7\" data-id=\"a19f8f7\" data-element_type=\"column\" data-e-type=\"column\" data-settings=\"{&quot;background_background&quot;:&quot;classic&quot;}\">\n\t\t\t<div class=\"elementor-widget-wrap elementor-element-populated\">\n\t\t\t\t\t\t<div class=\"elementor-element elementor-element-7598ada elementor-widget elementor-widget-heading\" data-id=\"7598ada\" data-element_type=\"widget\" data-e-type=\"widget\" data-widget_type=\"heading.default\">\n\t\t\t\t<div class=\"elementor-widget-container\">\n\t\t\t\t\t<h1 class=\"elementor-heading-title elementor-size-default\">Forma\u00e7\u00e3o Acad\u00eamica<\/h1>\t\t\t\t<\/div>\n\t\t\t\t<\/div>\n\t\t\t\t<div class=\"elementor-element elementor-element-6e59729 elementor-widget elementor-widget-text-editor\" data-id=\"6e59729\" data-element_type=\"widget\" data-e-type=\"widget\" data-widget_type=\"text-editor.default\">\n\t\t\t\t<div class=\"elementor-widget-container\">\n\t\t\t\t\t\t\t\t\t<p><strong>2014-2019<\/strong><\/p><ul><li>Gradua\u00e7\u00e3o em Medicina<br \/>Universidade de S\u00e3o Paulo USP<\/li><li>Faculdade de Medicina de Ribeir\u00e3o Preto<\/li><\/ul><p><strong><br \/>2016-2018<\/strong><\/p><ul><li>Especializa\u00e7\u00e3o em Ortopedia e Traumatologia<br \/>Hospital das Cl\u00ednicas da Faculdade de Medicina de Ribeir\u00e3o Preto \u2013 USP<\/li><\/ul><p><strong><br \/>2019-2020<\/strong><\/p><ul><li>Complementa\u00e7\u00e3o Especializada em Ortopedia Pedi\u00e1trica e Afec\u00e7\u00f5es do P\u00e9<br \/>Hospital das Cl\u00ednicas da Faculdade de Medicina de Ribeir\u00e3o Preto \u2013 USP<\/li><\/ul><p><strong><br \/>2019-2021<\/strong><\/p><ul><li>Mestrando (em curso)<br \/>Universidade de S\u00e3o Paulo \u2013 USP<br \/>Faculdade de Medicina de Ribeir\u00e3o Preto<br \/>Mestrado Profissional em Medicina com \u00eanfase em ortopedia na \u00e1rea de p\u00e9 torto cong\u00eanito<br \/>Orientador: Jos\u00e9 Batista Volpon<\/li><\/ul><p><strong><br \/>2021<\/strong><\/p><ul><li>Licenciado pelo M\u00e9todo Haje para tratamento de deformidades tor\u00e1cicas \u2013 Bras\u00edlia\/DF<\/li><\/ul><p><br \/><b>2024<\/b><\/p><ul><li>P\u00f3s Gradua\u00e7\u00e3o em medicina do esporte e exerc\u00edcio\u00a0 &#8211; Instituto Vita \/ S\u00e3o Paulo<\/li><\/ul><p><strong><br \/>Est\u00e1gios<\/strong><\/p><ul><li><strong>2014<\/strong><br \/>Trauma Fellowship Medizinische Hochschule Hannover, Alemanha<br \/>Supervis\u00e3o: Christian Krettek<\/li><\/ul>\t\t\t\t\t\t\t\t<\/div>\n\t\t\t\t<\/div>\n\t\t\t\t\t<\/div>\n\t\t<\/div>\n\t\t\t\t\t<\/div>\n\t\t<\/section>\n\t\t\t\t<section class=\"elementor-section elementor-top-section elementor-element elementor-element-bf59944 elementor-section-boxed elementor-section-height-default elementor-section-height-default\" data-id=\"bf59944\" data-element_type=\"section\" data-e-type=\"section\">\n\t\t\t\t\t\t<div class=\"elementor-container elementor-column-gap-no\">\n\t\t\t\t\t<div class=\"elementor-column elementor-col-100 elementor-top-column elementor-element elementor-element-981e152\" data-id=\"981e152\" data-element_type=\"column\" data-e-type=\"column\">\n\t\t\t<div class=\"elementor-widget-wrap elementor-element-populated\">\n\t\t\t\t\t\t<div class=\"elementor-element elementor-element-75241a5 elementor-absolute elementor-widget elementor-widget-menu-anchor\" data-id=\"75241a5\" data-element_type=\"widget\" data-e-type=\"widget\" data-settings=\"{&quot;_position&quot;:&quot;absolute&quot;}\" data-widget_type=\"menu-anchor.default\">\n\t\t\t\t<div class=\"elementor-widget-container\">\n\t\t\t\t\t\t\t<div class=\"elementor-menu-anchor\" id=\"especialidades\"><\/div>\n\t\t\t\t\t\t<\/div>\n\t\t\t\t<\/div>\n\t\t\t\t<div class=\"elementor-element elementor-element-0caa258 elementor-widget elementor-widget-heading\" data-id=\"0caa258\" data-element_type=\"widget\" data-e-type=\"widget\" data-widget_type=\"heading.default\">\n\t\t\t\t<div class=\"elementor-widget-container\">\n\t\t\t\t\t<h1 class=\"elementor-heading-title elementor-size-default\">Especialidades<\/h1>\t\t\t\t<\/div>\n\t\t\t\t<\/div>\n\t\t\t\t<section class=\"elementor-section elementor-inner-section elementor-element elementor-element-d0a741e elementor-section-full_width elementor-section-height-default elementor-section-height-default\" data-id=\"d0a741e\" data-element_type=\"section\" data-e-type=\"section\">\n\t\t\t\t\t\t<div class=\"elementor-container elementor-column-gap-wide\">\n\t\t\t\t\t<div class=\"elementor-column elementor-col-25 elementor-inner-column elementor-element elementor-element-5cc5182\" data-id=\"5cc5182\" data-element_type=\"column\" data-e-type=\"column\">\n\t\t\t<div class=\"elementor-widget-wrap elementor-element-populated\">\n\t\t\t\t\t\t<div class=\"elementor-element elementor-element-abd2e18 elementor-position-top elementor-widget elementor-widget-image-box\" data-id=\"abd2e18\" data-element_type=\"widget\" data-e-type=\"widget\" data-widget_type=\"image-box.default\">\n\t\t\t\t<div class=\"elementor-widget-container\">\n\t\t\t\t\t<div class=\"elementor-image-box-wrapper\"><figure class=\"elementor-image-box-img\"><img fetchpriority=\"high\" decoding=\"async\" width=\"1008\" height=\"597\" src=\"https:\/\/drcaiotoledo.com.br\/wp-content\/uploads\/2022\/03\/banner_1-1-e1617649027107.jpeg\" class=\"attachment-full size-full wp-image-504\" alt=\"\" srcset=\"https:\/\/drcaiotoledo.com.br\/wp-content\/uploads\/2022\/03\/banner_1-1-e1617649027107.jpeg 1008w, https:\/\/drcaiotoledo.com.br\/wp-content\/uploads\/2022\/03\/banner_1-1-e1617649027107-300x178.jpeg 300w, https:\/\/drcaiotoledo.com.br\/wp-content\/uploads\/2022\/03\/banner_1-1-e1617649027107-768x455.jpeg 768w\" sizes=\"(max-width: 1008px) 100vw, 1008px\" \/><\/figure><div class=\"elementor-image-box-content\"><h3 class=\"elementor-image-box-title\">Deformidades Tor\u00e1cicas<\/h3><p class=\"elementor-image-box-description\">Caracterizada por uma depress\u00e3o do osso esterno e das cartilagens costais levando a diversos graus de severidade<\/p><\/div><\/div>\t\t\t\t<\/div>\n\t\t\t\t<\/div>\n\t\t\t\t\t<\/div>\n\t\t<\/div>\n\t\t\t\t<div class=\"elementor-column elementor-col-25 elementor-inner-column elementor-element elementor-element-dc191c3\" data-id=\"dc191c3\" data-element_type=\"column\" data-e-type=\"column\">\n\t\t\t<div class=\"elementor-widget-wrap elementor-element-populated\">\n\t\t\t\t\t\t<div class=\"elementor-element elementor-element-35896f8 elementor-position-top elementor-widget elementor-widget-image-box\" data-id=\"35896f8\" data-element_type=\"widget\" data-e-type=\"widget\" data-widget_type=\"image-box.default\">\n\t\t\t\t<div class=\"elementor-widget-container\">\n\t\t\t\t\t<div class=\"elementor-image-box-wrapper\"><figure class=\"elementor-image-box-img\"><img decoding=\"async\" width=\"636\" height=\"360\" src=\"https:\/\/drcaiotoledo.com.br\/wp-content\/uploads\/2022\/03\/Ortop-Ped.jpg\" class=\"attachment-full size-full wp-image-505\" alt=\"\" srcset=\"https:\/\/drcaiotoledo.com.br\/wp-content\/uploads\/2022\/03\/Ortop-Ped.jpg 636w, https:\/\/drcaiotoledo.com.br\/wp-content\/uploads\/2022\/03\/Ortop-Ped-300x170.jpg 300w\" sizes=\"(max-width: 636px) 100vw, 636px\" \/><\/figure><div class=\"elementor-image-box-content\"><h3 class=\"elementor-image-box-title\">Ortopedia Pedi\u00e1trica<\/h3><p class=\"elementor-image-box-description\">Subespecialidade da Ortopedia e da Pediatria que trabalha na preven\u00e7\u00e3o, diagn\u00f3stico e tratamento de condi\u00e7\u00f5es que possam afetar o sistema locomotor<\/p><\/div><\/div>\t\t\t\t<\/div>\n\t\t\t\t<\/div>\n\t\t\t\t\t<\/div>\n\t\t<\/div>\n\t\t\t\t<div class=\"elementor-column elementor-col-25 elementor-inner-column elementor-element elementor-element-be8f43b\" data-id=\"be8f43b\" data-element_type=\"column\" data-e-type=\"column\">\n\t\t\t<div class=\"elementor-widget-wrap elementor-element-populated\">\n\t\t\t\t\t\t<div class=\"elementor-element elementor-element-9b9efce elementor-position-top elementor-widget elementor-widget-image-box\" data-id=\"9b9efce\" data-element_type=\"widget\" data-e-type=\"widget\" data-widget_type=\"image-box.default\">\n\t\t\t\t<div class=\"elementor-widget-container\">\n\t\t\t\t\t<div class=\"elementor-image-box-wrapper\"><figure class=\"elementor-image-box-img\"><img decoding=\"async\" width=\"620\" height=\"350\" src=\"https:\/\/drcaiotoledo.com.br\/wp-content\/uploads\/2022\/03\/ortopedia-pe\u0301.jpg\" class=\"attachment-full size-full wp-image-506\" alt=\"\" srcset=\"https:\/\/drcaiotoledo.com.br\/wp-content\/uploads\/2022\/03\/ortopedia-pe\u0301.jpg 620w, https:\/\/drcaiotoledo.com.br\/wp-content\/uploads\/2022\/03\/ortopedia-pe\u0301-300x169.jpg 300w\" sizes=\"(max-width: 620px) 100vw, 620px\" \/><\/figure><div class=\"elementor-image-box-content\"><h3 class=\"elementor-image-box-title\">Afec\u00e7\u00f5es do P\u00e9<\/h3><p class=\"elementor-image-box-description\">As doen\u00e7as dos p\u00e9s s\u00e3o afec\u00e7\u00f5es que acometem qualquer osso, articula\u00e7\u00e3o , m\u00fasculo, tend\u00e3o ou ligamento do p\u00e9<\/p><\/div><\/div>\t\t\t\t<\/div>\n\t\t\t\t<\/div>\n\t\t\t\t\t<\/div>\n\t\t<\/div>\n\t\t\t\t<div class=\"elementor-column elementor-col-25 elementor-inner-column elementor-element elementor-element-8ca7405\" data-id=\"8ca7405\" data-element_type=\"column\" data-e-type=\"column\">\n\t\t\t<div class=\"elementor-widget-wrap elementor-element-populated\">\n\t\t\t\t\t\t<div class=\"elementor-element elementor-element-3844371 elementor-position-top elementor-widget elementor-widget-image-box\" data-id=\"3844371\" data-element_type=\"widget\" data-e-type=\"widget\" data-widget_type=\"image-box.default\">\n\t\t\t\t<div class=\"elementor-widget-container\">\n\t\t\t\t\t<div class=\"elementor-image-box-wrapper\"><figure class=\"elementor-image-box-img\"><img loading=\"lazy\" decoding=\"async\" width=\"568\" height=\"540\" src=\"https:\/\/drcaiotoledo.com.br\/wp-content\/uploads\/2025\/03\/medicina_do_esporte.jpeg\" class=\"attachment-full size-full wp-image-803\" alt=\"\" srcset=\"https:\/\/drcaiotoledo.com.br\/wp-content\/uploads\/2025\/03\/medicina_do_esporte.jpeg 568w, https:\/\/drcaiotoledo.com.br\/wp-content\/uploads\/2025\/03\/medicina_do_esporte-300x285.jpeg 300w\" sizes=\"(max-width: 568px) 100vw, 568px\" \/><\/figure><div class=\"elementor-image-box-content\"><h3 class=\"elementor-image-box-title\">Medicina do Esporte<\/h3><p class=\"elementor-image-box-description\">Avalia\u00e7\u00e3o m\u00e9dica focada na preven\u00e7\u00e3o, tratamento de doen\u00e7as relacionadas ao esporte e melhora de perfomance esportiva<\/p><\/div><\/div>\t\t\t\t<\/div>\n\t\t\t\t<\/div>\n\t\t\t\t\t<\/div>\n\t\t<\/div>\n\t\t\t\t\t<\/div>\n\t\t<\/section>\n\t\t\t\t\t<\/div>\n\t\t<\/div>\n\t\t\t\t\t<\/div>\n\t\t<\/section>\n\t\t\t\t<\/div>\n\t\t","protected":false},"excerpt":{"rendered":"<p>Ortopedista Especialista em P\u00e9 e Tornozelo Ortopedia Pedi\u00e1tricaSAIBA MAIS Ortopedista Especialista em P\u00e9 e Tornozelo \/ Ortopedia Pedi\u00e1trica Dr. Caio Lu\u00edz de Toledo Oliveira CRM-SP 169.068 \/ TEOT 16.511 \/ RQE 79.594 M\u00e9dico Formado em 2014 pela Faculdade de Medicina de Ribeir\u00e3o Preto da Universidade de S\u00e3o Paulo, exerceu, durante a gradua\u00e7\u00e3o, diversas atividades em [&hellip;]<\/p>\n","protected":false},"author":1,"featured_media":0,"parent":0,"menu_order":0,"comment_status":"closed","ping_status":"closed","template":"","meta":{"footnotes":""},"class_list":["post-13","page","type-page","status-publish","hentry"],"_links":{"self":[{"href":"https:\/\/drcaiotoledo.com.br\/index.php?rest_route=\/wp\/v2\/pages\/13","targetHints":{"allow":["GET"]}}],"collection":[{"href":"https:\/\/drcaiotoledo.com.br\/index.php?rest_route=\/wp\/v2\/pages"}],"about":[{"href":"https:\/\/drcaiotoledo.com.br\/index.php?rest_route=\/wp\/v2\/types\/page"}],"author":[{"embeddable":true,"href":"https:\/\/drcaiotoledo.com.br\/index.php?rest_route=\/wp\/v2\/users\/1"}],"replies":[{"embeddable":true,"href":"https:\/\/drcaiotoledo.com.br\/index.php?rest_route=%2Fwp%2Fv2%2Fcomments&post=13"}],"version-history":[{"count":418,"href":"https:\/\/drcaiotoledo.com.br\/index.php?rest_route=\/wp\/v2\/pages\/13\/revisions"}],"predecessor-version":[{"id":953,"href":"https:\/\/drcaiotoledo.com.br\/index.php?rest_route=\/wp\/v2\/pages\/13\/revisions\/953"}],"wp:attachment":[{"href":"https:\/\/drcaiotoledo.com.br\/index.php?rest_route=%2Fwp%2Fv2%2Fmedia&parent=13"}],"curies":[{"name":"wp","href":"https:\/\/api.w.org\/{rel}","templated":true}]}}